{"id":105,"date":"2020-04-16T07:53:18","date_gmt":"2020-04-16T07:53:18","guid":{"rendered":"https:\/\/demos.kadencewp.com\/food\/?page_id=105"},"modified":"2024-02-26T11:18:38","modified_gmt":"2024-02-26T09:18:38","slug":"home","status":"publish","type":"page","link":"https:\/\/franciszkanie-zlotoryja.com\/","title":{"rendered":"Home"},"content":{"rendered":"<style>.kb-row-layout-id105_aaf00b-ff > .kt-row-column-wrap{align-content:center;}:where(.kb-row-layout-id105_aaf00b-ff > .kt-row-column-wrap) > .wp-block-kadence-column{justify-content:center;}.kb-row-layout-id105_aaf00b-ff > .kt-row-column-wrap{column-gap:var(--global-kb-gap-md, 2rem);row-gap:var(--global-kb-gap-md, 2rem);max-width:1200px;margin-left:auto;margin-right:auto;padding-top:0px;padding-bottom:0px;min-height:400px;grid-template-columns:repeat(2, minmax(0, 1fr));}.kb-row-layout-id105_aaf00b-ff > .kt-row-layout-overlay{opacity:0.00;mix-blend-mode:color;}.kb-row-layout-id105_aaf00b-ff .kt-row-layout-bottom-sep{height:100px;}.kb-row-layout-id105_aaf00b-ff .kt-row-layout-bottom-sep svg{width:100%;}.kb-row-layout-id105_aaf00b-ff .kt-row-layout-bottom-sep svg{fill:#ffffff!important;}@media all and (max-width: 1024px){.kb-row-layout-id105_aaf00b-ff > .kt-row-column-wrap{padding-top:120px;padding-bottom:120px;grid-template-columns:repeat(2, minmax(0, 1fr));}}@media all and (max-width: 1024px){.kb-row-layout-id105_aaf00b-ff .kt-row-layout-bottom-sep{height:px;}}@media all and (max-width: 1024px){.kb-row-layout-id105_aaf00b-ff .kt-row-layout-bottom-sep svg{width:%;}}@media all and (max-width: 767px){.kb-row-layout-id105_aaf00b-ff > .kt-row-column-wrap{padding-top:100px;padding-bottom:100px;grid-template-columns:minmax(0, 1fr);}.kb-row-layout-id105_aaf00b-ff .kt-row-layout-bottom-sep{height:px;}.kb-row-layout-id105_aaf00b-ff .kt-row-layout-bottom-sep svg{width:%;}}<\/style><div class=\"kb-row-layout-wrap kb-row-layout-id105_aaf00b-ff alignfull kt-row-has-bg wp-block-kadence-rowlayout\"><div class=\"kt-blocks-carousel kb-blocks-bg-slider kt-carousel-container-dotstyle-none\"><div class=\"kt-blocks-carousel-init kb-blocks-bg-slider-init kt-carousel-arrowstyle-whiteondark kt-carousel-dotstyle-none\" data-slider-anim-speed=\"2000\" data-slider-type=\"slider\" data-slider-scroll=\"1\" data-slider-arrows=\"true\" data-slider-fade=\"true\" data-slider-dots=\"false\" data-slider-hover-pause=\"false\" data-slider-auto=\"true\" data-slider-speed=\"10000\" data-show-pause-button=\"false\"><div class=\"kb-bg-slide-contain\"><div class=\"kb-bg-slide kb-bg-slide-0\" style=\"background-image:url(https:\/\/franciszkanie-zlotoryja.com\/wp-content\/uploads\/2022\/10\/DJI_0709-scaled.jpg); background-size:cover; background-position:center center; background-repeat:repeat;\"><\/div><\/div><div class=\"kb-bg-slide-contain\"><div class=\"kb-bg-slide kb-bg-slide-1\" style=\"background-image:url(https:\/\/franciszkanie-zlotoryja.com\/wp-content\/uploads\/2022\/10\/DJI_0697-scaled.jpg); background-size:cover; background-position:center center; background-repeat:repeat;\"><\/div><\/div><div class=\"kb-bg-slide-contain\"><div class=\"kb-bg-slide kb-bg-slide-2\" style=\"background-image:url(https:\/\/franciszkanie-zlotoryja.com\/wp-content\/uploads\/2022\/10\/DJI_0768-scaled.jpg); background-size:cover; background-position:center center; background-repeat:repeat;\"><\/div><\/div><div class=\"kb-bg-slide-contain\"><div class=\"kb-bg-slide kb-bg-slide-3\" style=\"background-image:url(https:\/\/franciszkanie-zlotoryja.com\/wp-content\/uploads\/2022\/10\/DJI_0743-scaled.jpg); background-size:cover; background-position:center center; background-repeat:repeat;\"><\/div><\/div><div class=\"kb-bg-slide-contain\"><div class=\"kb-bg-slide kb-bg-slide-4\" style=\"background-image:url(https:\/\/franciszkanie-zlotoryja.com\/wp-content\/uploads\/2022\/10\/DJI_0733-scaled.jpg); background-size:cover; background-position:center center; background-repeat:repeat;\"><\/div><\/div><\/div><\/div><div class=\"kt-row-column-wrap kt-has-2-columns kt-row-layout-equal kt-tab-layout-inherit kt-mobile-layout-row kt-row-valign-middle\">\n<style>.kadence-column105_0774a5-b4 > .kt-inside-inner-col,.kadence-column105_0774a5-b4 > .kt-inside-inner-col:before{border-top-left-radius:0px;border-top-right-radius:0px;border-bottom-right-radius:0px;border-bottom-left-radius:0px;}.kadence-column105_0774a5-b4 > .kt-inside-inner-col{column-gap:var(--global-kb-gap-sm, 1rem);}.kadence-column105_0774a5-b4 > .kt-inside-inner-col{flex-direction:column;}.kadence-column105_0774a5-b4 > .kt-inside-inner-col > .aligncenter{width:100%;}.kadence-column105_0774a5-b4 > .kt-inside-inner-col:before{opacity:0.3;}.kadence-column105_0774a5-b4{position:relative;}@media all and (max-width: 1024px){.kadence-column105_0774a5-b4 > .kt-inside-inner-col{flex-direction:column;justify-content:center;}}@media all and (max-width: 767px){.kadence-column105_0774a5-b4 > .kt-inside-inner-col{flex-direction:column;justify-content:center;}}<\/style>\n<div class=\"wp-block-kadence-column kadence-column105_0774a5-b4 inner-column-1\"><div class=\"kt-inside-inner-col\"><\/div><\/div>\n\n\n<style>.kadence-column105_04cfe1-96 > .kt-inside-inner-col{padding-top:20px;padding-right:20px;padding-bottom:20px;padding-left:20px;}.kadence-column105_04cfe1-96 > .kt-inside-inner-col,.kadence-column105_04cfe1-96 > .kt-inside-inner-col:before{border-top-left-radius:0px;border-top-right-radius:0px;border-bottom-right-radius:0px;border-bottom-left-radius:0px;}.kadence-column105_04cfe1-96 > .kt-inside-inner-col{column-gap:var(--global-kb-gap-sm, 1rem);}.kadence-column105_04cfe1-96 > .kt-inside-inner-col{flex-direction:column;}.kadence-column105_04cfe1-96 > .kt-inside-inner-col > .aligncenter{width:100%;}.kadence-column105_04cfe1-96 > .kt-inside-inner-col{background-color:rgba(255, 255, 255, 0.6);}.kadence-column105_04cfe1-96{position:relative;}@media all and (max-width: 1024px){.kadence-column105_04cfe1-96 > .kt-inside-inner-col{flex-direction:column;justify-content:center;}}@media all and (max-width: 767px){.kadence-column105_04cfe1-96 > .kt-inside-inner-col{flex-direction:column;justify-content:center;}}<\/style>\n<div class=\"wp-block-kadence-column kadence-column105_04cfe1-96 inner-column-2\"><div class=\"kt-inside-inner-col\">\n<h1 class=\"wp-block-heading has-text-align-right\" style=\"font-size:46px\">Franciszkanie Z\u0142otoryja<\/h1>\n\n\n\n<p class=\"has-text-align-right\" style=\"font-size:28px\">Strona Franciszkan\u00f3w w Z\u0142otoryi<\/p>\n<\/div><\/div>\n\n<\/div><\/div>\n\n<style>.kb-row-layout-id105_891fde-94 > .kt-row-column-wrap{align-content:start;}:where(.kb-row-layout-id105_891fde-94 > .kt-row-column-wrap) > .wp-block-kadence-column{justify-content:start;}.kb-row-layout-id105_891fde-94 > .kt-row-column-wrap{column-gap:var(--global-kb-gap-md, 2rem);row-gap:var(--global-kb-gap-md, 2rem);padding-top:0px;padding-bottom:0px;grid-template-columns:minmax(0, 1fr);}.kb-row-layout-id105_891fde-94 > .kt-row-layout-overlay{opacity:0.30;}@media all and (max-width: 1024px){.kb-row-layout-id105_891fde-94 > .kt-row-column-wrap{grid-template-columns:minmax(0, 1fr);}}@media all and (max-width: 767px){.kb-row-layout-id105_891fde-94 > .kt-row-column-wrap{grid-template-columns:minmax(0, 1fr);}}<\/style><div class=\"kb-row-layout-wrap kb-row-layout-id105_891fde-94 alignnone wp-block-kadence-rowlayout\"><div class=\"kt-row-column-wrap kt-has-1-columns kt-row-layout-equal kt-tab-layout-inherit kt-mobile-layout-row kt-row-valign-top\">\n<style>.kadence-column105_ca4581-19 > .kt-inside-inner-col{padding-top:80px;padding-right:80px;padding-left:80px;}.kadence-column105_ca4581-19 > .kt-inside-inner-col,.kadence-column105_ca4581-19 > .kt-inside-inner-col:before{border-top-left-radius:0px;border-top-right-radius:0px;border-bottom-right-radius:0px;border-bottom-left-radius:0px;}.kadence-column105_ca4581-19 > .kt-inside-inner-col{column-gap:var(--global-kb-gap-sm, 1rem);}.kadence-column105_ca4581-19 > .kt-inside-inner-col{flex-direction:column;}.kadence-column105_ca4581-19 > .kt-inside-inner-col > .aligncenter{width:100%;}.kadence-column105_ca4581-19 > .kt-inside-inner-col:before{opacity:0.3;}.kadence-column105_ca4581-19{position:relative;}@media all and (max-width: 1024px){.kadence-column105_ca4581-19 > .kt-inside-inner-col{flex-direction:column;justify-content:center;}}@media all and (max-width: 767px){.kadence-column105_ca4581-19 > .kt-inside-inner-col{flex-direction:column;justify-content:center;}}<\/style>\n<div class=\"wp-block-kadence-column kadence-column105_ca4581-19 inner-column-1\"><div class=\"kt-inside-inner-col\">\n<div class=\"wp-block-columns is-layout-flex wp-container-core-columns-is-layout-9d6595d7 wp-block-columns-is-layout-flex\">\n<div class=\"wp-block-column is-layout-flow wp-block-column-is-layout-flow\">\n<h2 class=\"wp-block-heading has-text-align-center\">Og\u0142oszenia<\/h2>\n\n\n<ul class=\"wp-block-latest-posts__list wp-block-latest-posts has-medium-font-size\"><li><a class=\"wp-block-latest-posts__post-title\" href=\"https:\/\/franciszkanie-zlotoryja.com\/index.php\/2026\/04\/16\/ogloszenia-parafialne-19-kwietnia-2026\/\">Og\u0142oszenia parafialne | 19 kwietnia 2026<\/a><\/li>\n<li><a class=\"wp-block-latest-posts__post-title\" href=\"https:\/\/franciszkanie-zlotoryja.com\/index.php\/2026\/04\/10\/ogloszenia-parafialne-12-kwietnia-2026\/\">Og\u0142oszenia parafialne | 12 kwietnia 2026<\/a><\/li>\n<li><a class=\"wp-block-latest-posts__post-title\" href=\"https:\/\/franciszkanie-zlotoryja.com\/index.php\/2026\/04\/04\/ogloszenia-parafialne-5-kwietnia-2026\/\">Og\u0142oszenia parafialne | 5 kwietnia 2026<\/a><\/li>\n<\/ul>\n\n<style>.wp-block-kadence-advancedbtn.kb-btns105_a2a35d-0f{gap:var(--global-kb-gap-xs, 0.5rem );justify-content:center;align-items:center;}.kt-btns105_a2a35d-0f .kt-button{font-weight:normal;font-style:normal;}.kt-btns105_a2a35d-0f .kt-btn-wrap-0{margin-right:5px;}.wp-block-kadence-advancedbtn.kt-btns105_a2a35d-0f .kt-btn-wrap-0 .kt-button{color:#555555;border-color:#555555;}.wp-block-kadence-advancedbtn.kt-btns105_a2a35d-0f .kt-btn-wrap-0 .kt-button:hover, .wp-block-kadence-advancedbtn.kt-btns105_a2a35d-0f .kt-btn-wrap-0 .kt-button:focus{color:#ffffff;border-color:#444444;}.wp-block-kadence-advancedbtn.kt-btns105_a2a35d-0f .kt-btn-wrap-0 .kt-button::before{display:none;}.wp-block-kadence-advancedbtn.kt-btns105_a2a35d-0f .kt-btn-wrap-0 .kt-button:hover, .wp-block-kadence-advancedbtn.kt-btns105_a2a35d-0f .kt-btn-wrap-0 .kt-button:focus{background:#444444;}<\/style>\n<div class=\"wp-block-kadence-advancedbtn kb-buttons-wrap kb-btns105_a2a35d-0f\"><style>ul.menu .wp-block-kadence-advancedbtn .kb-btn105_084bf0-01.kb-button{width:initial;}.wp-block-kadence-advancedbtn .kb-btn105_084bf0-01.kb-button{color:var(--global-palette3, #1A202C);background:var(--global-palette9, #ffffff);border-top:1px solid #000000;border-right:1px solid #000000;border-bottom:1px solid #000000;border-left:1px solid #000000;}.wp-block-kadence-advancedbtn .kb-btn105_084bf0-01.kb-button:hover, .wp-block-kadence-advancedbtn .kb-btn105_084bf0-01.kb-button:focus{color:var(--global-palette9, #ffffff);background:#000000;border-top:1px solid #000000;border-right:1px solid #000000;border-bottom:1px solid #000000;border-left:1px solid #000000;}@media all and (max-width: 1024px){.wp-block-kadence-advancedbtn .kb-btn105_084bf0-01.kb-button{border-top:1px solid #000000;border-right:1px solid #000000;border-bottom:1px solid #000000;border-left:1px solid #000000;}}@media all and (max-width: 1024px){.wp-block-kadence-advancedbtn .kb-btn105_084bf0-01.kb-button:hover, .wp-block-kadence-advancedbtn .kb-btn105_084bf0-01.kb-button:focus{border-top:1px solid #000000;border-right:1px solid #000000;border-bottom:1px solid #000000;border-left:1px solid #000000;}}@media all and (max-width: 767px){.wp-block-kadence-advancedbtn .kb-btn105_084bf0-01.kb-button{border-top:1px solid #000000;border-right:1px solid #000000;border-bottom:1px solid #000000;border-left:1px solid #000000;}.wp-block-kadence-advancedbtn .kb-btn105_084bf0-01.kb-button:hover, .wp-block-kadence-advancedbtn .kb-btn105_084bf0-01.kb-button:focus{border-top:1px solid #000000;border-right:1px solid #000000;border-bottom:1px solid #000000;border-left:1px solid #000000;}}<\/style><a class=\"kb-button kt-button button kb-btn105_084bf0-01 kt-btn-size-standard kt-btn-width-type-auto kb-btn-global-fill kt-btn-has-text-true kt-btn-has-svg-false  wp-block-kadence-singlebtn\" href=\"https:\/\/franciszkanie-zlotoryja.com\/index.php\/category\/ogloszenia\/\"><span class=\"kt-btn-inner-text\">Wi\u0119cej<\/span><\/a><\/div>\n<\/div>\n\n\n\n<div class=\"wp-block-column is-layout-flow wp-block-column-is-layout-flow\">\n<h2 class=\"wp-block-heading has-text-align-center\">Intencje<\/h2>\n\n\n<ul class=\"wp-block-latest-posts__list wp-block-latest-posts has-medium-font-size\"><li><a class=\"wp-block-latest-posts__post-title\" href=\"https:\/\/franciszkanie-zlotoryja.com\/index.php\/2026\/04\/13\/intencje-mszalne-13-19-kwietnia-2026\/\">Intencje mszalne | 13 &#8211; 19 kwietnia 2026<\/a><\/li>\n<li><a class=\"wp-block-latest-posts__post-title\" href=\"https:\/\/franciszkanie-zlotoryja.com\/index.php\/2026\/04\/04\/intencje-mszalne-6-12-kwietnia-2026\/\">Intencje mszalne | 6 &#8211; 12 kwietnia 2026<\/a><\/li>\n<li><a class=\"wp-block-latest-posts__post-title\" href=\"https:\/\/franciszkanie-zlotoryja.com\/index.php\/2026\/03\/28\/intencje-mszalne-30-marca-6-kwietnia-2026\/\">Intencje mszalne | 30 marca &#8211; 6 kwietnia 2026<\/a><\/li>\n<\/ul>\n\n<style>.wp-block-kadence-advancedbtn.kb-btns105_3ae1d3-06{gap:var(--global-kb-gap-xs, 0.5rem );justify-content:center;align-items:center;}.kt-btns105_3ae1d3-06 .kt-button{font-weight:normal;font-style:normal;}.kt-btns105_3ae1d3-06 .kt-btn-wrap-0{margin-right:5px;}.wp-block-kadence-advancedbtn.kt-btns105_3ae1d3-06 .kt-btn-wrap-0 .kt-button{color:#555555;border-color:#555555;}.wp-block-kadence-advancedbtn.kt-btns105_3ae1d3-06 .kt-btn-wrap-0 .kt-button:hover, .wp-block-kadence-advancedbtn.kt-btns105_3ae1d3-06 .kt-btn-wrap-0 .kt-button:focus{color:#ffffff;border-color:#444444;}.wp-block-kadence-advancedbtn.kt-btns105_3ae1d3-06 .kt-btn-wrap-0 .kt-button::before{display:none;}.wp-block-kadence-advancedbtn.kt-btns105_3ae1d3-06 .kt-btn-wrap-0 .kt-button:hover, .wp-block-kadence-advancedbtn.kt-btns105_3ae1d3-06 .kt-btn-wrap-0 .kt-button:focus{background:#444444;}<\/style>\n<div class=\"wp-block-kadence-advancedbtn kb-buttons-wrap kb-btns105_3ae1d3-06\"><style>ul.menu .wp-block-kadence-advancedbtn .kb-btn105_5e3b83-c3.kb-button{width:initial;}.wp-block-kadence-advancedbtn .kb-btn105_5e3b83-c3.kb-button{color:var(--global-palette3, #1A202C);background:var(--global-palette9, #ffffff);border-top:1px solid #000000;border-right:1px solid #000000;border-bottom:1px solid #000000;border-left:1px solid #000000;}.wp-block-kadence-advancedbtn .kb-btn105_5e3b83-c3.kb-button:hover, .wp-block-kadence-advancedbtn .kb-btn105_5e3b83-c3.kb-button:focus{color:var(--global-palette9, #ffffff);background:#000000;border-top:1px solid #000000;border-right:1px solid #000000;border-bottom:1px solid #000000;border-left:1px solid #000000;}@media all and (max-width: 1024px){.wp-block-kadence-advancedbtn .kb-btn105_5e3b83-c3.kb-button{border-top:1px solid #000000;border-right:1px solid #000000;border-bottom:1px solid #000000;border-left:1px solid #000000;}}@media all and (max-width: 1024px){.wp-block-kadence-advancedbtn .kb-btn105_5e3b83-c3.kb-button:hover, .wp-block-kadence-advancedbtn .kb-btn105_5e3b83-c3.kb-button:focus{border-top:1px solid #000000;border-right:1px solid #000000;border-bottom:1px solid #000000;border-left:1px solid #000000;}}@media all and (max-width: 767px){.wp-block-kadence-advancedbtn .kb-btn105_5e3b83-c3.kb-button{border-top:1px solid #000000;border-right:1px solid #000000;border-bottom:1px solid #000000;border-left:1px solid #000000;}.wp-block-kadence-advancedbtn .kb-btn105_5e3b83-c3.kb-button:hover, .wp-block-kadence-advancedbtn .kb-btn105_5e3b83-c3.kb-button:focus{border-top:1px solid #000000;border-right:1px solid #000000;border-bottom:1px solid #000000;border-left:1px solid #000000;}}<\/style><a class=\"kb-button kt-button button kb-btn105_5e3b83-c3 kt-btn-size-standard kt-btn-width-type-auto kb-btn-global-fill kt-btn-has-text-true kt-btn-has-svg-false  wp-block-kadence-singlebtn\" href=\"https:\/\/franciszkanie-zlotoryja.com\/index.php\/category\/intencje\/\"><span class=\"kt-btn-inner-text\">Wi\u0119cej<\/span><\/a><\/div>\n<\/div>\n<\/div>\n<\/div><\/div>\n\n<\/div><\/div>\n\n\n<hr class=\"wp-block-separator has-alpha-channel-opacity\"\/>\n\n\n\n<h2 class=\"wp-block-heading has-text-align-center\">Z \u017cycia parafii<\/h2>\n\n\n<style>.kadence-column105_eb5141-37 > .kt-inside-inner-col{padding-top:0px;padding-right:80px;padding-bottom:80px;padding-left:80px;}.kadence-column105_eb5141-37 > .kt-inside-inner-col,.kadence-column105_eb5141-37 > .kt-inside-inner-col:before{border-top-left-radius:0px;border-top-right-radius:0px;border-bottom-right-radius:0px;border-bottom-left-radius:0px;}.kadence-column105_eb5141-37 > .kt-inside-inner-col{column-gap:var(--global-kb-gap-sm, 1rem);}.kadence-column105_eb5141-37 > .kt-inside-inner-col{flex-direction:column;}.kadence-column105_eb5141-37 > .kt-inside-inner-col > .aligncenter{width:100%;}.kadence-column105_eb5141-37 > .kt-inside-inner-col:before{opacity:0.3;}.kadence-column105_eb5141-37{position:relative;}@media all and (max-width: 1024px){.kadence-column105_eb5141-37 > .kt-inside-inner-col{flex-direction:column;justify-content:center;}}@media all and (max-width: 767px){.kadence-column105_eb5141-37 > .kt-inside-inner-col{flex-direction:column;justify-content:center;}}<\/style>\n<div class=\"wp-block-kadence-column kadence-column105_eb5141-37 inner-column-1\"><div class=\"kt-inside-inner-col\"><ul class=\"wp-block-latest-posts__list is-grid columns-3 wp-block-latest-posts\"><li><a class=\"wp-block-latest-posts__post-title\" href=\"https:\/\/franciszkanie-zlotoryja.com\/index.php\/2026\/04\/05\/alleluja-chrystus-zmartwychwstal\/\">Alleluja! Chrystus Zmartwychwsta\u0142!<\/a><div class=\"wp-block-latest-posts__post-excerpt\">Drodzy Bracia i Siostry, w tym \u015bwi\u0119tym czasie niech Zmartwychwsta\u0142y Chrystus przemienia Wasze serca i umys\u0142y. Niech Jego \u015bwiat\u0142o rozprasza wszelk\u0105 ciemno\u015b\u0107 w Waszym \u017cyciu, a nadzieja i mi\u0142o\u015b\u0107 niech&#8230;<\/div><\/li>\n<li><a class=\"wp-block-latest-posts__post-title\" href=\"https:\/\/franciszkanie-zlotoryja.com\/index.php\/2026\/04\/01\/nie-pozwol-zeby-te-dni-przeszly-obok-ciebie\/\">Nie pozw\u00f3l, \u017ceby te dni przesz\u0142y obok Ciebie<\/a><div class=\"wp-block-latest-posts__post-excerpt\"><\/div><\/li>\n<li><a class=\"wp-block-latest-posts__post-title\" href=\"https:\/\/franciszkanie-zlotoryja.com\/index.php\/2026\/03\/29\/swiadectwo-wiary-na-ulicach-naszego-miasta\/\">\u015awiadectwo wiary na ulicach naszego miasta<\/a><div class=\"wp-block-latest-posts__post-excerpt\">W pi\u0105tkowy wiecz\u00f3r o godz. 19:00 ulicami naszego miasta przesz\u0142a Miejska Droga Krzy\u017cowa, gromadz\u0105c licznie mieszka\u0144c\u00f3w, kt\u00f3rzy wsp\u00f3lnie podj\u0119li modlitw\u0119 i rozwa\u017canie M\u0119ki Pa\u0144skiej. Uroczyste rozpocz\u0119cie mia\u0142o miejsce w ko\u015bciele&#8230;<\/div><\/li>\n<li><a class=\"wp-block-latest-posts__post-title\" href=\"https:\/\/franciszkanie-zlotoryja.com\/index.php\/2026\/03\/24\/miejska-droga-krzyzowa-2\/\">Miejska Droga Krzy\u017cowa<\/a><div class=\"wp-block-latest-posts__post-excerpt\">Z\u0142\u0105czmy si\u0119 z cierpi\u0105cym Jezusem i razem przejd\u017amy Drog\u0119 Krzy\u017cow\u0105 ulicami naszego miasta, pogr\u0105\u017ceni w modlitwie.<\/div><\/li>\n<li><a class=\"wp-block-latest-posts__post-title\" href=\"https:\/\/franciszkanie-zlotoryja.com\/index.php\/2026\/03\/22\/duchowa-adopcja-zaproszenie-do-obrony-zycia\/\">Duchowa Adopcja \u2013 zaproszenie do obrony \u017cycia<\/a><div class=\"wp-block-latest-posts__post-excerpt\">Ka\u017cde pocz\u0119te dziecko nosi w sobie dar \u017cycia, kt\u00f3ry pochodzi od Boga. Jego bicie serca jest znakiem mi\u0142o\u015bci Stw\u00f3rcy i przypomnieniem, jak wielk\u0105 warto\u015b\u0107 ma ka\u017cde ludzkie istnienie. Duchowa Adopcja&#8230;<\/div><\/li>\n<li><a class=\"wp-block-latest-posts__post-title\" href=\"https:\/\/franciszkanie-zlotoryja.com\/index.php\/2026\/03\/22\/fundusze-europejskie-na-pomoc-zywnosciowa-2021-2027-w-okresie-od-stycznia-2026-do-wrzesnia-2026\/\">Fundusze Europejskie na Pomoc \u017bywno\u015bciow\u0105 2021-2027 w okresie od stycznia 2026 do wrze\u015bnia 2026<\/a><div class=\"wp-block-latest-posts__post-excerpt\"><\/div><\/li>\n<\/ul>\n\n<style>.wp-block-kadence-advancedbtn.kb-btns105_10339c-42{gap:var(--global-kb-gap-xs, 0.5rem );justify-content:center;align-items:center;}.kt-btns105_10339c-42 .kt-button{font-weight:normal;font-style:normal;}.kt-btns105_10339c-42 .kt-btn-wrap-0{margin-right:5px;}.wp-block-kadence-advancedbtn.kt-btns105_10339c-42 .kt-btn-wrap-0 .kt-button{color:#555555;border-color:#555555;}.wp-block-kadence-advancedbtn.kt-btns105_10339c-42 .kt-btn-wrap-0 .kt-button:hover, .wp-block-kadence-advancedbtn.kt-btns105_10339c-42 .kt-btn-wrap-0 .kt-button:focus{color:#ffffff;border-color:#444444;}.wp-block-kadence-advancedbtn.kt-btns105_10339c-42 .kt-btn-wrap-0 .kt-button::before{display:none;}.wp-block-kadence-advancedbtn.kt-btns105_10339c-42 .kt-btn-wrap-0 .kt-button:hover, .wp-block-kadence-advancedbtn.kt-btns105_10339c-42 .kt-btn-wrap-0 .kt-button:focus{background:#444444;}<\/style>\n<div class=\"wp-block-kadence-advancedbtn kb-buttons-wrap kb-btns105_10339c-42\"><style>ul.menu .wp-block-kadence-advancedbtn .kb-btn105_f78a46-5b.kb-button{width:initial;}.wp-block-kadence-advancedbtn .kb-btn105_f78a46-5b.kb-button{color:var(--global-palette3, #1A202C);background:var(--global-palette9, #ffffff);border-top:1px solid #000000;border-right:1px solid #000000;border-bottom:1px solid #000000;border-left:1px solid #000000;}.wp-block-kadence-advancedbtn .kb-btn105_f78a46-5b.kb-button:hover, .wp-block-kadence-advancedbtn .kb-btn105_f78a46-5b.kb-button:focus{color:var(--global-palette9, #ffffff);background:#000000;border-top:1px solid #000000;border-right:1px solid #000000;border-bottom:1px solid #000000;border-left:1px solid #000000;}@media all and (max-width: 1024px){.wp-block-kadence-advancedbtn .kb-btn105_f78a46-5b.kb-button{border-top:1px solid #000000;border-right:1px solid #000000;border-bottom:1px solid #000000;border-left:1px solid #000000;}}@media all and (max-width: 1024px){.wp-block-kadence-advancedbtn .kb-btn105_f78a46-5b.kb-button:hover, .wp-block-kadence-advancedbtn .kb-btn105_f78a46-5b.kb-button:focus{border-top:1px solid #000000;border-right:1px solid #000000;border-bottom:1px solid #000000;border-left:1px solid #000000;}}@media all and (max-width: 767px){.wp-block-kadence-advancedbtn .kb-btn105_f78a46-5b.kb-button{border-top:1px solid #000000;border-right:1px solid #000000;border-bottom:1px solid #000000;border-left:1px solid #000000;}.wp-block-kadence-advancedbtn .kb-btn105_f78a46-5b.kb-button:hover, .wp-block-kadence-advancedbtn .kb-btn105_f78a46-5b.kb-button:focus{border-top:1px solid #000000;border-right:1px solid #000000;border-bottom:1px solid #000000;border-left:1px solid #000000;}}<\/style><a class=\"kb-button kt-button button kb-btn105_f78a46-5b kt-btn-size-standard kt-btn-width-type-auto kb-btn-global-fill kt-btn-has-text-true kt-btn-has-svg-false  wp-block-kadence-singlebtn\" href=\"https:\/\/franciszkanie-zlotoryja.com\/index.php\/category\/wydarzenia\/\"><span class=\"kt-btn-inner-text\">Wi\u0119cej<\/span><\/a><\/div>\n<\/div><\/div>\n","protected":false},"excerpt":{"rendered":"<p>Franciszkanie Z\u0142otoryja Strona Franciszkan\u00f3w w Z\u0142otoryi Og\u0142oszenia Intencje Z \u017cycia parafii<\/p>\n","protected":false},"author":1,"featured_media":0,"parent":0,"menu_order":0,"comment_status":"closed","ping_status":"closed","template":"","meta":{"_kadence_starter_templates_imported_post":true,"_kad_post_transparent":"","_kad_post_title":"hide","_kad_post_layout":"fullwidth","_kad_post_sidebar_id":"","_kad_post_content_style":"unboxed","_kad_post_vertical_padding":"hide","_kad_post_feature":"hide","_kad_post_feature_position":"","_kad_post_header":false,"_kad_post_footer":false,"footnotes":""},"class_list":["post-105","page","type-page","status-publish","hentry"],"_links":{"self":[{"href":"https:\/\/franciszkanie-zlotoryja.com\/index.php\/wp-json\/wp\/v2\/pages\/105","targetHints":{"allow":["GET"]}}],"collection":[{"href":"https:\/\/franciszkanie-zlotoryja.com\/index.php\/wp-json\/wp\/v2\/pages"}],"about":[{"href":"https:\/\/franciszkanie-zlotoryja.com\/index.php\/wp-json\/wp\/v2\/types\/page"}],"author":[{"embeddable":true,"href":"https:\/\/franciszkanie-zlotoryja.com\/index.php\/wp-json\/wp\/v2\/users\/1"}],"replies":[{"embeddable":true,"href":"https:\/\/franciszkanie-zlotoryja.com\/index.php\/wp-json\/wp\/v2\/comments?post=105"}],"version-history":[{"count":45,"href":"https:\/\/franciszkanie-zlotoryja.com\/index.php\/wp-json\/wp\/v2\/pages\/105\/revisions"}],"predecessor-version":[{"id":1089,"href":"https:\/\/franciszkanie-zlotoryja.com\/index.php\/wp-json\/wp\/v2\/pages\/105\/revisions\/1089"}],"wp:attachment":[{"href":"https:\/\/franciszkanie-zlotoryja.com\/index.php\/wp-json\/wp\/v2\/media?parent=105"}],"curies":[{"name":"wp","href":"https:\/\/api.w.org\/{rel}","templated":true}]}}