{"id":167,"date":"2022-10-25T01:09:53","date_gmt":"2022-10-24T23:09:53","guid":{"rendered":"https:\/\/franciszkanie-zlotoryja.com\/?page_id=167"},"modified":"2022-12-29T23:09:04","modified_gmt":"2022-12-29T21:09:04","slug":"sakramenty","status":"publish","type":"page","link":"https:\/\/franciszkanie-zlotoryja.com\/index.php\/sakramenty\/","title":{"rendered":"Sakramenty"},"content":{"rendered":"\n<h2 class=\"wp-block-heading\"><strong>SAKRAMENT CHRZTU \u015aWI\u0118TEGO<\/strong><\/h2>\n\n\n\n<p><strong>Do udzielenia chrztu \u015bw. wymagane s\u0105 nast\u0119puj\u0105ce dokumenty:<\/strong><br><strong>Prosimy o przybycie obojga rodzic\u00f3w<\/strong>, <strong>ch\u0119\u0107 ochrzczenia dziecka nale\u017cy zg\u0142osi\u0107 na miesi\u0105c przed terminem w kancelarii.<\/strong><\/p>\n\n\n\n<ol class=\"wp-block-list\">\n<li>Akt urodzenia dziecka z USC<\/li>\n\n\n\n<li>Za\u015bwiadczenie dla chrzestnych wydane przez proboszcza swojej parafii<\/li>\n\n\n\n<li>Dowody osobiste rodzic\u00f3w<\/li>\n\n\n\n<li>Akt ma\u0142\u017ce\u0144stwa lub za\u015bwiadczenie o \u015blubie ko\u015bcielnym \u2013 sakramentalnym<\/li>\n\n\n\n<li>Warunki niezb\u0119dne do zostania chrzestnym:\n<ul class=\"wp-block-list\">\n<li>sakrament bierzmowania<\/li>\n\n\n\n<li>je\u015bli w zwi\u0105zku to zwi\u0105zek ma\u0142\u017ce\u0144ski sakramentalny (wyklucza z bycia chrzestnym zwi\u0105zek cywilny lub partnerski)<\/li>\n\n\n\n<li>udzia\u0142 w jednej nauce przedchrzcielnej<\/li>\n<\/ul>\n<\/li>\n<\/ol>\n\n\n\n<p>Nauki przedchrzcielne s\u0105 konieczne dla rodzic\u00f3w chrzestnych i dla rodzic\u00f3w dziecka.<br>Zapraszamy do kancelarii parafialnej w <strong>II sobot\u0119 miesi\u0105ca<\/strong> o godzinie 12.00 \u2013 nauka potrwa 30 minut i otrzymaj\u0105 Pa\u0144stwo za\u015bwiadczenie o odbytej nauce i tym samym prawo do bycia chrzestnymi. Nauki mo\u017cna zrobi\u0107 w dowolnym terminie przypadaj\u0105cym w II sobot\u0119 miesi\u0105ca.<\/p>\n\n\n\n<p>Je\u017celi chrzest ma by\u0107 z innej parafii to na nauk\u0119 przynosimy zgod\u0119 ks. proboszcza.<\/p>\n\n\n\n<p>Sakramentu chrztu \u015bw. udziela si\u0119 w niedziel\u0119 o godzinie 13.00, zazwyczaj w ostatni\u0105 niedziel\u0119 miesi\u0105ca. <\/p>\n\n\n\n<h2 class=\"wp-block-heading\"><strong>SAKRAMENT BIERZMOWANIA<\/strong><\/h2>\n\n\n\n<p>Spotkanie dla I, II, III roku katechumenatu (czyli uczniowie klas 6, 7 i 8) maj\u0105 swoje spotkania z ojcem wikarym wg ustalonego harmonogramu.<\/p>\n\n\n\n<h2 class=\"wp-block-heading\"><strong>SAKRAMENT POJEDNANIA<\/strong><\/h2>\n\n\n\n<p>Sakrament pojednania jest udzielany codziennie, r\u00f3wnie\u017c w niedziele, 30 minut przed ka\u017cd\u0105 msz\u0105 \u015bwi\u0119t\u0105, czyli od 6.30 oraz od 17.30. Ponadto w pierwszy pi\u0105tek miesi\u0105ca od godziny 17.00 do 18.00.<\/p>\n\n\n\n<h2 class=\"wp-block-heading\"><strong>SAKRAMENT NAMASZCZENIA CHORYCH<\/strong><\/h2>\n\n\n\n<p>Sakrament namaszczenia chorych udzielany jest w czasie odwiedzin chorych oraz na ka\u017cde wezwanie do chorego w domu lub w szpitalu. W szpitalu miejskim w Z\u0142otoryi opiek\u0119 duszpastersk\u0105 nad chorymi sprawuje ks. kapelan szpitala z <a rel=\"noreferrer noopener\" href=\"https:\/\/sanktuarium-zlotoryja.pl\/\" data-type=\"URL\" data-id=\"https:\/\/sanktuarium-zlotoryja.pl\/\" target=\"_blank\">parafii NNMP w Z\u0142otoryi<\/a>.<\/p>\n\n\n\n<p>Odwiedziny chorych s\u0105 zasadniczo w ka\u017cdy pierwszy pi\u0105tek miesi\u0105ca.<\/p>\n\n\n\n<h2 class=\"wp-block-heading\"><strong>SAKRAMENT MA\u0141\u017bE\u0143STWA&nbsp;<\/strong><\/h2>\n\n\n\n<p><strong>Wymagane dokumenty do<\/strong> <strong>zawarcia sakramentu ma\u0142\u017ce\u0144stwa:<\/strong><\/p>\n\n\n\n<ol class=\"wp-block-list\">\n<li>Metryki chrztu \u2013 wydane nie wcze\u015bniej ni\u017c 3 miesi\u0105ce<\/li>\n\n\n\n<li>Ostatnie \u015bwiadectwo religii \u2013 koniec szko\u0142y \u015bredniej lub zawodowej<\/li>\n\n\n\n<li>\u015awiadectwo uko\u0144czenia kursu przedma\u0142\u017ce\u0144skiego<\/li>\n\n\n\n<li>Za\u015bwiadczenie Urz\u0119du Stanu Cywilnego stwierdzaj\u0105ce brak przeszk\u00f3d do zawarcia ma\u0142\u017ce\u0144stwa (3 egzemplarze), wydawane s\u0105 na 3 miesi\u0105ce przed terminem \u015blubu<\/li>\n\n\n\n<li>Zgoda proboszcza parafii panny m\u0142odej na \u015blub w naszej parafii<\/li>\n\n\n\n<li>Wa\u017cne dowody osobiste<\/li>\n<\/ol>\n\n\n\n<p><strong>Do spisania protoko\u0142u przed\u015blubnego nale\u017cy zg\u0142osi\u0107 si\u0119 minimum 3 miesi\u0105ce przed \u015blubem.<\/strong><\/p>\n\n\n\n<p><strong>Termin spisania protoko\u0142u przed\u015blubnego ustala si\u0119 indywidualnie z kap\u0142anem w kancelarii.<\/strong><\/p>\n","protected":false},"excerpt":{"rendered":"<p>SAKRAMENT CHRZTU \u015aWI\u0118TEGO Do udzielenia chrztu \u015bw. wymagane s\u0105 nast\u0119puj\u0105ce dokumenty:Prosimy o przybycie obojga rodzic\u00f3w, ch\u0119\u0107 ochrzczenia dziecka nale\u017cy zg\u0142osi\u0107 na miesi\u0105c przed terminem w kancelarii. Nauki przedchrzcielne s\u0105 konieczne dla rodzic\u00f3w chrzestnych i dla rodzic\u00f3w dziecka.Zapraszamy do kancelarii parafialnej w II sobot\u0119 miesi\u0105ca o godzinie 12.00 \u2013 nauka potrwa 30 minut i otrzymaj\u0105 Pa\u0144stwo&#8230;<\/p>\n","protected":false},"author":1,"featured_media":0,"parent":0,"menu_order":0,"comment_status":"closed","ping_status":"closed","template":"","meta":{"_kadence_starter_templates_imported_post":false,"_kad_post_transparent":"","_kad_post_title":"","_kad_post_layout":"","_kad_post_sidebar_id":"","_kad_post_content_style":"","_kad_post_vertical_padding":"","_kad_post_feature":"","_kad_post_feature_position":"","_kad_post_header":false,"_kad_post_footer":false,"footnotes":""},"class_list":["post-167","page","type-page","status-publish","hentry"],"_links":{"self":[{"href":"https:\/\/franciszkanie-zlotoryja.com\/index.php\/wp-json\/wp\/v2\/pages\/167","targetHints":{"allow":["GET"]}}],"collection":[{"href":"https:\/\/franciszkanie-zlotoryja.com\/index.php\/wp-json\/wp\/v2\/pages"}],"about":[{"href":"https:\/\/franciszkanie-zlotoryja.com\/index.php\/wp-json\/wp\/v2\/types\/page"}],"author":[{"embeddable":true,"href":"https:\/\/franciszkanie-zlotoryja.com\/index.php\/wp-json\/wp\/v2\/users\/1"}],"replies":[{"embeddable":true,"href":"https:\/\/franciszkanie-zlotoryja.com\/index.php\/wp-json\/wp\/v2\/comments?post=167"}],"version-history":[{"count":16,"href":"https:\/\/franciszkanie-zlotoryja.com\/index.php\/wp-json\/wp\/v2\/pages\/167\/revisions"}],"predecessor-version":[{"id":340,"href":"https:\/\/franciszkanie-zlotoryja.com\/index.php\/wp-json\/wp\/v2\/pages\/167\/revisions\/340"}],"wp:attachment":[{"href":"https:\/\/franciszkanie-zlotoryja.com\/index.php\/wp-json\/wp\/v2\/media?parent=167"}],"curies":[{"name":"wp","href":"https:\/\/api.w.org\/{rel}","templated":true}]}}