{"id":27,"date":"2022-10-21T21:32:04","date_gmt":"2022-10-21T19:32:04","guid":{"rendered":"https:\/\/franciszkanie-zlotoryja.com\/?page_id=27"},"modified":"2023-04-20T13:19:34","modified_gmt":"2023-04-20T11:19:34","slug":"kontakt","status":"publish","type":"page","link":"https:\/\/franciszkanie-zlotoryja.com\/index.php\/kontakt\/","title":{"rendered":"Kontakt"},"content":{"rendered":"\n<h2 class=\"wp-block-heading\"><strong>KANCELARIA<\/strong><\/h2>\n\n\n\n<p>Kancelaria czynna we wtorek od godziny 16.00 do 17.00 i w sobot\u0119 od godziny 11.00 do 12.00.<br>Telefon: <a href=\"tel:+48768783176\" data-type=\"tel\" data-id=\"tel:+48768783176\">76 8783 176<\/a><br>Mail: <a href=\"mailto:kancelaria@franciszkanie-zlotoryja.com\">kancelaria@franciszkanie-zlotoryja.com<\/a><\/p>\n\n\n\n<h2 class=\"wp-block-heading\"><strong>ADRES<\/strong><\/h2>\n\n\n<style>.kb-row-layout-id_e8bd3f-36 > .kt-row-column-wrap{align-content:start;}:where(.kb-row-layout-id_e8bd3f-36 > .kt-row-column-wrap) > .wp-block-kadence-column{justify-content:start;}.kb-row-layout-id_e8bd3f-36 > .kt-row-column-wrap{column-gap:var(--global-kb-gap-md, 2rem);row-gap:var(--global-kb-gap-md, 2rem);padding-top:var(--global-kb-spacing-sm, 1.5rem);padding-bottom:var(--global-kb-spacing-sm, 1.5rem);grid-template-columns:minmax(0, calc(15% - ((var(--global-kb-gap-md, 2rem) * 1 )\/2)))minmax(0, calc(85% - ((var(--global-kb-gap-md, 2rem) * 1 )\/2)));}.kb-row-layout-id_e8bd3f-36 > .kt-row-layout-overlay{opacity:0.30;}@media all and (max-width: 1024px){.kb-row-layout-id_e8bd3f-36 > .kt-row-column-wrap{grid-template-columns:minmax(0, 1fr) minmax(0, 2fr);}}@media all and (max-width: 767px){.kb-row-layout-id_e8bd3f-36 > .kt-row-column-wrap{grid-template-columns:minmax(0, 1fr);}}<\/style><div class=\"kb-row-layout-wrap kb-row-layout-id_e8bd3f-36 alignnone wp-block-kadence-rowlayout\"><div class=\"kt-row-column-wrap kt-has-2-columns kt-row-layout-right-golden kt-tab-layout-inherit kt-mobile-layout-row kt-row-valign-top\">\n<style>.kadence-column_9ccb58-3d > .kt-inside-inner-col{display:flex;}.kadence-column_9ccb58-3d > .kt-inside-inner-col,.kadence-column_9ccb58-3d > .kt-inside-inner-col:before{border-top-left-radius:0px;border-top-right-radius:0px;border-bottom-right-radius:0px;border-bottom-left-radius:0px;}.kadence-column_9ccb58-3d > .kt-inside-inner-col{column-gap:var(--global-kb-gap-sm, 1rem);}.kadence-column_9ccb58-3d > .kt-inside-inner-col{flex-direction:column;justify-content:center;}.kadence-column_9ccb58-3d > .kt-inside-inner-col > .aligncenter{width:100%;}.kt-row-column-wrap > .kadence-column_9ccb58-3d{align-self:center;}.kt-inner-column-height-full:not(.kt-has-1-columns) > .wp-block-kadence-column.kadence-column_9ccb58-3d{align-self:auto;}.kt-inner-column-height-full:not(.kt-has-1-columns) > .wp-block-kadence-column.kadence-column_9ccb58-3d > .kt-inside-inner-col{flex-direction:column;justify-content:center;}.kadence-column_9ccb58-3d > .kt-inside-inner-col:before{opacity:0.3;}.kadence-column_9ccb58-3d{position:relative;}@media all and (max-width: 1024px){.kt-row-column-wrap > .kadence-column_9ccb58-3d{align-self:center;}}@media all and (max-width: 1024px){.kt-inner-column-height-full:not(.kt-has-1-columns) > .wp-block-kadence-column.kadence-column_9ccb58-3d{align-self:auto;}}@media all and (max-width: 1024px){.kt-inner-column-height-full:not(.kt-has-1-columns) > .wp-block-kadence-column.kadence-column_9ccb58-3d > .kt-inside-inner-col{flex-direction:column;justify-content:center;}}@media all and (max-width: 1024px){.kadence-column_9ccb58-3d > .kt-inside-inner-col{flex-direction:column;justify-content:center;}}@media all and (max-width: 767px){.kt-row-column-wrap > .kadence-column_9ccb58-3d{align-self:center;}.kt-inner-column-height-full:not(.kt-has-1-columns) > .wp-block-kadence-column.kadence-column_9ccb58-3d{align-self:auto;}.kt-inner-column-height-full:not(.kt-has-1-columns) > .wp-block-kadence-column.kadence-column_9ccb58-3d > .kt-inside-inner-col{flex-direction:column;justify-content:center;}.kadence-column_9ccb58-3d > .kt-inside-inner-col{flex-direction:column;justify-content:center;}}<\/style>\n<div class=\"wp-block-kadence-column kadence-column_9ccb58-3d\"><div class=\"kt-inside-inner-col\">\n<p>Parafia \u015bw. Jadwigi<br>Ul. Klasztorna 18<br>59-500 Z\u0142otoryja<br>NIP: 694-14-89-367<br>REGON: 040111903<\/p>\n<\/div><\/div>\n\n\n<style>.kadence-column_b41fae-a9 > .kt-inside-inner-col,.kadence-column_b41fae-a9 > .kt-inside-inner-col:before{border-top-left-radius:0px;border-top-right-radius:0px;border-bottom-right-radius:0px;border-bottom-left-radius:0px;}.kadence-column_b41fae-a9 > .kt-inside-inner-col{column-gap:var(--global-kb-gap-sm, 1rem);}.kadence-column_b41fae-a9 > .kt-inside-inner-col{flex-direction:column;}.kadence-column_b41fae-a9 > .kt-inside-inner-col > .aligncenter{width:100%;}.kadence-column_b41fae-a9 > .kt-inside-inner-col:before{opacity:0.3;}.kadence-column_b41fae-a9{position:relative;}@media all and (max-width: 1024px){.kadence-column_b41fae-a9 > .kt-inside-inner-col{flex-direction:column;justify-content:center;}}@media all and (max-width: 767px){.kadence-column_b41fae-a9 > .kt-inside-inner-col{flex-direction:column;justify-content:center;}}<\/style>\n<div class=\"wp-block-kadence-column kadence-column_b41fae-a9\"><div class=\"kt-inside-inner-col\">\n<iframe src=\"https:\/\/www.google.com\/maps\/embed?pb=!1m18!1m12!1m3!1d2504.140779562912!2d15.916357577310638!3d51.124311238616!2m3!1f0!2f0!3f0!3m2!1i1024!2i768!4f13.1!3m3!1m2!1s0x470f17bdb0bbf901%3A0x85e27f25f3912e9e!2zS2_Fm2Npw7PFgiByenltc2tva2F0b2xpY2tpIHAudy4gxZt3LiBKYWR3aWdpIMWabMSFc2tpZWogdyBaxYJvdG9yeWk!5e0!3m2!1sen!2spl!4v1681989147627!5m2!1sen!2spl\" width=\"400\" height=\"300\" style=\"border:0;\" allowfullscreen=\"\" loading=\"lazy\" referrerpolicy=\"no-referrer-when-downgrade\"><\/iframe>\n<\/div><\/div>\n\n<\/div><\/div>\n\n\n<h2 class=\"wp-block-heading\"><strong>NR RACHUNKU BANKOWEGO<\/strong><\/h2>\n\n\n\n<h3 class=\"wp-block-heading\"><strong>Przelewy krajowe<\/strong><\/h3>\n\n\n\n<p>Nazwa odbiorcy: Prowincja \u015bw. Jadwigi OFM<br>Numer rachunku: 90 1600 1156 1847 6991 7000 0062<\/p>\n\n\n\n<h3 class=\"wp-block-heading\"><strong>Przelewy zagraniczne<\/strong><\/h3>\n\n\n\n<p>Nazwa odbiorcy: Prowincja \u015bw. Jadwigi OFM<br>IBAN: PL90 1600 1156 1847 6991 7000 0062<br>SWIFT: PPABPLPK<\/p>\n","protected":false},"excerpt":{"rendered":"<p>KANCELARIA Kancelaria czynna we wtorek od godziny 16.00 do 17.00 i w sobot\u0119 od godziny 11.00 do 12.00.Telefon: 76 8783 176Mail: kancelaria@franciszkanie-zlotoryja.com ADRES Parafia \u015bw. JadwigiUl. Klasztorna 1859-500 Z\u0142otoryjaNIP: 694-14-89-367REGON: 040111903 NR RACHUNKU BANKOWEGO Przelewy krajowe Nazwa odbiorcy: Prowincja \u015bw. Jadwigi OFMNumer rachunku: 90 1600 1156 1847 6991 7000 0062 Przelewy zagraniczne Nazwa odbiorcy: Prowincja&#8230;<\/p>\n","protected":false},"author":2,"featured_media":0,"parent":0,"menu_order":0,"comment_status":"closed","ping_status":"closed","template":"","meta":{"_kadence_starter_templates_imported_post":false,"_kad_post_transparent":"","_kad_post_title":"","_kad_post_layout":"","_kad_post_sidebar_id":"","_kad_post_content_style":"","_kad_post_vertical_padding":"","_kad_post_feature":"","_kad_post_feature_position":"","_kad_post_header":false,"_kad_post_footer":false,"footnotes":""},"class_list":["post-27","page","type-page","status-publish","hentry"],"_links":{"self":[{"href":"https:\/\/franciszkanie-zlotoryja.com\/index.php\/wp-json\/wp\/v2\/pages\/27","targetHints":{"allow":["GET"]}}],"collection":[{"href":"https:\/\/franciszkanie-zlotoryja.com\/index.php\/wp-json\/wp\/v2\/pages"}],"about":[{"href":"https:\/\/franciszkanie-zlotoryja.com\/index.php\/wp-json\/wp\/v2\/types\/page"}],"author":[{"embeddable":true,"href":"https:\/\/franciszkanie-zlotoryja.com\/index.php\/wp-json\/wp\/v2\/users\/2"}],"replies":[{"embeddable":true,"href":"https:\/\/franciszkanie-zlotoryja.com\/index.php\/wp-json\/wp\/v2\/comments?post=27"}],"version-history":[{"count":13,"href":"https:\/\/franciszkanie-zlotoryja.com\/index.php\/wp-json\/wp\/v2\/pages\/27\/revisions"}],"predecessor-version":[{"id":545,"href":"https:\/\/franciszkanie-zlotoryja.com\/index.php\/wp-json\/wp\/v2\/pages\/27\/revisions\/545"}],"wp:attachment":[{"href":"https:\/\/franciszkanie-zlotoryja.com\/index.php\/wp-json\/wp\/v2\/media?parent=27"}],"curies":[{"name":"wp","href":"https:\/\/api.w.org\/{rel}","templated":true}]}}